{"id":37,"date":"2011-08-02T13:32:33","date_gmt":"2011-08-02T16:32:33","guid":{"rendered":"http:\/\/archivosonoro.com.ar\/wordpress\/?page_id=37"},"modified":"2011-08-02T13:32:33","modified_gmt":"2011-08-02T16:32:33","slug":"contacto","status":"publish","type":"page","link":"https:\/\/archivosonoro.com.ar\/wordpress\/?page_id=37","title":{"rendered":"Contacto"},"content":{"rendered":"<p>Para comunicarse con nosotros le solicitamos que complete el siguiente formulario:<\/p>\n<form action=\"http:\/\/archivosonoro.com.ar\/enviar.php\" method=\"post\" name=\"form1\">\n<table width=\"579\" border=\"0\">\n<tbody>\n<tr>\n<td width=\"116\"><span style=\"font-family: Arial, Helvetica, sans-serif; font-size: x-small;\">Nombre y apellido:<\/span><\/td>\n<td width=\"453\"><input id=\"nombreyapellido\" type=\"text\" name=\"nombreyapellido\" \/><\/td>\n<\/tr>\n<tr>\n<td><span style=\"font-family: Arial, Helvetica, sans-serif; font-size: x-small;\">Documento:<\/span><\/td>\n<td><input id=\"documento\" type=\"text\" name=\"documento\" \/><\/td>\n<\/tr>\n<tr>\n<td><span style=\"font-family: Arial, Helvetica, sans-serif; font-size: x-small;\">Tel\u00e9fono:<\/span><\/td>\n<td><input id=\"telefono\" type=\"text\" name=\"telefono\" \/><\/td>\n<\/tr>\n<tr>\n<td><span style=\"font-family: Arial, Helvetica, sans-serif; font-size: x-small;\">Email:<\/span><\/td>\n<td><input id=\"email\" type=\"text\" name=\"email\" \/><\/td>\n<\/tr>\n<tr>\n<td><span style=\"font-family: Arial, Helvetica, sans-serif; font-size: x-small;\">Pagina Web<\/span><\/td>\n<td><input id=\"paginaweb\" type=\"text\" name=\"paginaweb\" \/><\/td>\n<\/tr>\n<tr>\n<td><span style=\"font-family: Arial, Helvetica, sans-serif; font-size: x-small;\">Localidad:<\/span><\/td>\n<td><input id=\"localidad\" type=\"text\" name=\"localidad\" \/><\/td>\n<\/tr>\n<tr>\n<td height=\"43\"><span style=\"font-family: Arial, Helvetica, sans-serif; font-size: x-small;\">Mensaje<\/span><\/td>\n<td><textarea id=\"mensaje\" name=\"mensaje\" cols=\"50\"><\/textarea><\/td>\n<\/tr>\n<tr>\n<td><\/td>\n<td><input type=\"submit\" name=\"Submit\" value=\"Enviar\" \/><\/td>\n<\/tr>\n<\/tbody>\n<\/table>\n<\/form>\n<p>&nbsp;<\/p>\n<p>Si desea una atenci\u00f3n al instante no dude en comunicarse a los tel\u00e9fonos +00 0000 000000 de Lunes a Viernes de 10 a 12 Hrs.<\/p>\n","protected":false},"excerpt":{"rendered":"<p>Para comunicarse con nosotros le solicitamos que complete el siguiente formulario: Nombre y apellido: Documento: Tel\u00e9fono: Email: Pagina Web Localidad: Mensaje &nbsp; Si desea una atenci\u00f3n al instante no dude en comunicarse a los tel\u00e9fonos +00 0000 000000 de Lunes a Viernes de 10 a 12 Hrs.<\/p>\n","protected":false},"author":7,"featured_media":0,"parent":0,"menu_order":0,"comment_status":"open","ping_status":"open","template":"","meta":{"footnotes":""},"class_list":["post-37","page","type-page","status-publish","hentry"],"_links":{"self":[{"href":"https:\/\/archivosonoro.com.ar\/wordpress\/index.php?rest_route=\/wp\/v2\/pages\/37","targetHints":{"allow":["GET"]}}],"collection":[{"href":"https:\/\/archivosonoro.com.ar\/wordpress\/index.php?rest_route=\/wp\/v2\/pages"}],"about":[{"href":"https:\/\/archivosonoro.com.ar\/wordpress\/index.php?rest_route=\/wp\/v2\/types\/page"}],"author":[{"embeddable":true,"href":"https:\/\/archivosonoro.com.ar\/wordpress\/index.php?rest_route=\/wp\/v2\/users\/7"}],"replies":[{"embeddable":true,"href":"https:\/\/archivosonoro.com.ar\/wordpress\/index.php?rest_route=%2Fwp%2Fv2%2Fcomments&post=37"}],"version-history":[{"count":1,"href":"https:\/\/archivosonoro.com.ar\/wordpress\/index.php?rest_route=\/wp\/v2\/pages\/37\/revisions"}],"predecessor-version":[{"id":38,"href":"https:\/\/archivosonoro.com.ar\/wordpress\/index.php?rest_route=\/wp\/v2\/pages\/37\/revisions\/38"}],"wp:attachment":[{"href":"https:\/\/archivosonoro.com.ar\/wordpress\/index.php?rest_route=%2Fwp%2Fv2%2Fmedia&parent=37"}],"curies":[{"name":"wp","href":"https:\/\/api.w.org\/{rel}","templated":true}]}}