{"id":35,"date":"2011-08-02T13:31:20","date_gmt":"2011-08-02T16:31:20","guid":{"rendered":"http:\/\/archivosonoro.com.ar\/wordpress\/?page_id=35"},"modified":"2014-12-17T20:15:26","modified_gmt":"2014-12-17T23:15:26","slug":"quienes-somos","status":"publish","type":"page","link":"https:\/\/archivosonoro.com.ar\/wordpress\/?page_id=35","title":{"rendered":"Quienes somos?"},"content":{"rendered":"<h2><span class=\"Apple-style-span\" style=\"font-size: 13px; font-weight: normal;\">Archivo Sonoro\u00a0re\u00fane testimonios y declaraciones producidas en radio y televisi\u00f3n.<\/span><\/h2>\n<p>Diariamente se monitorean emisoras de radios de Ushuaia y del pa\u00eds, creando un archivo con los comentarios, notas y declaraciones de pol\u00edticos, periodistas y formadores de opini\u00f3n que estar\u00e1n a su alcance luego de cada una de las actualizaciones diarias.<br \/>\nEl objetivo de este trabajo es que la fuente misma de la informaci\u00f3n, el audio original, pueda ser consultado en el momento que usted lo desee.<\/p>\n","protected":false},"excerpt":{"rendered":"<p>Archivo Sonoro\u00a0re\u00fane testimonios y declaraciones producidas en radio y televisi\u00f3n. Diariamente se monitorean emisoras de radios de Ushuaia y del pa\u00eds, creando un archivo con los comentarios, notas y declaraciones de pol\u00edticos, periodistas y formadores de opini\u00f3n que estar\u00e1n a su alcance luego de cada una de las actualizaciones diarias. El objetivo de este trabajo [&hellip;]<\/p>\n","protected":false},"author":7,"featured_media":0,"parent":0,"menu_order":0,"comment_status":"open","ping_status":"closed","template":"","meta":{"footnotes":""},"class_list":["post-35","page","type-page","status-publish","hentry"],"_links":{"self":[{"href":"https:\/\/archivosonoro.com.ar\/wordpress\/index.php?rest_route=\/wp\/v2\/pages\/35","targetHints":{"allow":["GET"]}}],"collection":[{"href":"https:\/\/archivosonoro.com.ar\/wordpress\/index.php?rest_route=\/wp\/v2\/pages"}],"about":[{"href":"https:\/\/archivosonoro.com.ar\/wordpress\/index.php?rest_route=\/wp\/v2\/types\/page"}],"author":[{"embeddable":true,"href":"https:\/\/archivosonoro.com.ar\/wordpress\/index.php?rest_route=\/wp\/v2\/users\/7"}],"replies":[{"embeddable":true,"href":"https:\/\/archivosonoro.com.ar\/wordpress\/index.php?rest_route=%2Fwp%2Fv2%2Fcomments&post=35"}],"version-history":[{"count":6,"href":"https:\/\/archivosonoro.com.ar\/wordpress\/index.php?rest_route=\/wp\/v2\/pages\/35\/revisions"}],"predecessor-version":[{"id":11237,"href":"https:\/\/archivosonoro.com.ar\/wordpress\/index.php?rest_route=\/wp\/v2\/pages\/35\/revisions\/11237"}],"wp:attachment":[{"href":"https:\/\/archivosonoro.com.ar\/wordpress\/index.php?rest_route=%2Fwp%2Fv2%2Fmedia&parent=35"}],"curies":[{"name":"wp","href":"https:\/\/api.w.org\/{rel}","templated":true}]}}