{"id":31,"date":"2011-08-02T13:20:28","date_gmt":"2011-08-02T16:20:28","guid":{"rendered":"http:\/\/archivosonoro.com.ar\/wordpress\/?page_id=31"},"modified":"2016-09-25T00:12:31","modified_gmt":"2016-09-25T03:12:31","slug":"servicios","status":"publish","type":"page","link":"https:\/\/archivosonoro.com.ar\/wordpress\/?page_id=31","title":{"rendered":"Servicios"},"content":{"rendered":"<h2><span class=\"Apple-style-span\" style=\"font-size: 13px; font-weight: normal;\">Dependiendo del servicio contratado podr\u00e1 acceder a diferentes sectores de nuestro archivo. Podr\u00e1 bajar audios en forma limitada o ilimitada entre otras restricciones y beneficios.<\/span><\/h2>\n<p><strong>Abono b\u00e1sico<\/strong>:\u00a0Consiste en el uso de audios del mes contratado con un tope mensual de transferencia de datos de 2GB permitiendo trabajar con un solo equipo.<\/p>\n<p><strong>Abono extendido<\/strong>:\u00a0Consiste en el uso de audios del mes contratado y hasta seis meses de archivo antes de la contrataci\u00f3n con un tope mensual de transferencia de datos de 6GB permitiendo trabajar con dos equipos en simultaneo.<\/p>\n<p><strong>Abono Premium:<\/strong>\u00a0Consiste en el uso de audios del mes contratado, seis meses de archivo anteriores y hasta cinco audios de archivo hist\u00f3rico (a\u00f1o 2000 a 2008) a pedido con un tope de transferencia de datos ilimitado permitiendo trabajar con 4 equipos en simultaneo.<\/p>\n<p><strong>Servicio especial:<\/strong>\u00a0Con cualquiera de los abonos se pueden solicitar audios de nuestro archivo hist\u00f3rico (m\u00e1s de 10 a\u00f1os) de radios de Ushuaia. Estando abonado ud contar\u00e1 con una tarifa preferencial. Los no abonados pagar\u00e1n la tarifa regular y no tendr\u00e1n prioridad. Los audios seleccionados se entregan v\u00eda email o DVD.<\/p>\n<p>(En todos los casos el costo del DVD\/Pen Drive en el que se entregue el material solicitado corre a cargo del cliente.)<\/p>\n<p>En caso de querer contratar el servicio o de tener alguna duda comun\u00edquese con nosotros en nuestra secci\u00f3n Contacto.<\/p>\n<p>Si des\u00e9a probar el servicio ingrese\u00a0<a href=\"http:\/\/streaming.archivosonoro.com.ar:8081\/\" target=\"_new\">aqu\u00ed<\/a>. Usuario: libre &#8211; Contrase\u00f1a: libre<\/p>\n<p><strong>Si Ud. es un abonado ingrese <a title=\"Ingresar\" href=\"http:\/\/streaming.archivosonoro.com.ar:8081\/\" target=\"_blank\">aqu\u00ed<\/a> para acceder a los audios.<\/strong><\/p>\n","protected":false},"excerpt":{"rendered":"<p>Dependiendo del servicio contratado podr\u00e1 acceder a diferentes sectores de nuestro archivo. Podr\u00e1 bajar audios en forma limitada o ilimitada entre otras restricciones y beneficios. Abono b\u00e1sico:\u00a0Consiste en el uso de audios del mes contratado con un tope mensual de transferencia de datos de 2GB permitiendo trabajar con un solo equipo. Abono extendido:\u00a0Consiste en el [&hellip;]<\/p>\n","protected":false},"author":7,"featured_media":0,"parent":0,"menu_order":0,"comment_status":"open","ping_status":"open","template":"","meta":{"footnotes":""},"class_list":["post-31","page","type-page","status-publish","hentry"],"_links":{"self":[{"href":"https:\/\/archivosonoro.com.ar\/wordpress\/index.php?rest_route=\/wp\/v2\/pages\/31","targetHints":{"allow":["GET"]}}],"collection":[{"href":"https:\/\/archivosonoro.com.ar\/wordpress\/index.php?rest_route=\/wp\/v2\/pages"}],"about":[{"href":"https:\/\/archivosonoro.com.ar\/wordpress\/index.php?rest_route=\/wp\/v2\/types\/page"}],"author":[{"embeddable":true,"href":"https:\/\/archivosonoro.com.ar\/wordpress\/index.php?rest_route=\/wp\/v2\/users\/7"}],"replies":[{"embeddable":true,"href":"https:\/\/archivosonoro.com.ar\/wordpress\/index.php?rest_route=%2Fwp%2Fv2%2Fcomments&post=31"}],"version-history":[{"count":18,"href":"https:\/\/archivosonoro.com.ar\/wordpress\/index.php?rest_route=\/wp\/v2\/pages\/31\/revisions"}],"predecessor-version":[{"id":14322,"href":"https:\/\/archivosonoro.com.ar\/wordpress\/index.php?rest_route=\/wp\/v2\/pages\/31\/revisions\/14322"}],"wp:attachment":[{"href":"https:\/\/archivosonoro.com.ar\/wordpress\/index.php?rest_route=%2Fwp%2Fv2%2Fmedia&parent=31"}],"curies":[{"name":"wp","href":"https:\/\/api.w.org\/{rel}","templated":true}]}}