{"id":192,"date":"2012-01-12T15:16:37","date_gmt":"2012-01-12T18:16:37","guid":{"rendered":"http:\/\/archivosonoro.com.ar\/wordpress\/?page_id=192"},"modified":"2012-01-12T15:19:05","modified_gmt":"2012-01-12T18:19:05","slug":"libro-de-visitas","status":"publish","type":"page","link":"https:\/\/archivosonoro.com.ar\/wordpress\/?page_id=192","title":{"rendered":"Expresate!"},"content":{"rendered":"<p>Esta secci\u00f3n est\u00e1 destinada a los lectores y oyentes de la p\u00e1gina. Aqu\u00ed podr\u00e1n expresarse, opinar de diferentes temas, realizar cr\u00edticas, etc.<\/p>\n<p>Los comentarios ser\u00e1n moderados. La \u00fanica condici\u00f3n para que sea publicada su opini\u00f3n es que no le falte el respeto a nadie.<\/p>\n<p>Gracias por visitarnos,<br \/>\nArchivoSonoro.<\/p>\n","protected":false},"excerpt":{"rendered":"<p>Esta secci\u00f3n est\u00e1 destinada a los lectores y oyentes de la p\u00e1gina. Aqu\u00ed podr\u00e1n expresarse, opinar de diferentes temas, realizar cr\u00edticas, etc. Los comentarios ser\u00e1n moderados. La \u00fanica condici\u00f3n para que sea publicada su opini\u00f3n es que no le falte el respeto a nadie. Gracias por visitarnos, ArchivoSonoro.<\/p>\n","protected":false},"author":7,"featured_media":0,"parent":0,"menu_order":0,"comment_status":"open","ping_status":"open","template":"","meta":{"footnotes":""},"class_list":["post-192","page","type-page","status-publish","hentry"],"_links":{"self":[{"href":"https:\/\/archivosonoro.com.ar\/wordpress\/index.php?rest_route=\/wp\/v2\/pages\/192","targetHints":{"allow":["GET"]}}],"collection":[{"href":"https:\/\/archivosonoro.com.ar\/wordpress\/index.php?rest_route=\/wp\/v2\/pages"}],"about":[{"href":"https:\/\/archivosonoro.com.ar\/wordpress\/index.php?rest_route=\/wp\/v2\/types\/page"}],"author":[{"embeddable":true,"href":"https:\/\/archivosonoro.com.ar\/wordpress\/index.php?rest_route=\/wp\/v2\/users\/7"}],"replies":[{"embeddable":true,"href":"https:\/\/archivosonoro.com.ar\/wordpress\/index.php?rest_route=%2Fwp%2Fv2%2Fcomments&post=192"}],"version-history":[{"count":4,"href":"https:\/\/archivosonoro.com.ar\/wordpress\/index.php?rest_route=\/wp\/v2\/pages\/192\/revisions"}],"predecessor-version":[{"id":8087,"href":"https:\/\/archivosonoro.com.ar\/wordpress\/index.php?rest_route=\/wp\/v2\/pages\/192\/revisions\/8087"}],"wp:attachment":[{"href":"https:\/\/archivosonoro.com.ar\/wordpress\/index.php?rest_route=%2Fwp%2Fv2%2Fmedia&parent=192"}],"curies":[{"name":"wp","href":"https:\/\/api.w.org\/{rel}","templated":true}]}}